{"id":708,"date":"2020-08-10T00:00:55","date_gmt":"2020-08-10T00:00:55","guid":{"rendered":"http:\/\/instrumenta.rs\/?page_id=708"},"modified":"2022-11-20T01:13:41","modified_gmt":"2022-11-20T01:13:41","slug":"3d-modelovanje","status":"publish","type":"page","link":"http:\/\/instrumenta.rs\/ru\/usluge\/3d-modelovanje\/","title":{"rendered":"3D \u043c\u043e\u0434\u0435\u043b\u0438\u0440\u043e\u0432\u0430\u043d\u0438\u0435 \u0438 \u043c\u0430\u0448\u0438\u043d\u043d\u0430\u044f \u0434\u043e\u043a\u0443\u043c\u0435\u043d\u0442\u0430\u0446\u0438\u044f"},"content":{"rendered":"<div data-colibri-id=\"708-c1\" class=\"style-847 style-local-708-c1 position-relative\">\n  <!---->\n  <div data-colibri-component=\"section\" data-colibri-id=\"708-c2\" id=\"custom\" class=\"h-section h-section-global-spacing d-flex align-items-lg-center align-items-md-center align-items-center style-848 style-local-708-c2 position-relative\">\n    <!---->\n    <!---->\n    <div class=\"h-section-grid-container h-section-boxed-container\">\n      <!---->\n      <div data-colibri-id=\"708-c3\" class=\"h-row-container gutters-row-lg-2 gutters-row-md-2 gutters-row-0 gutters-row-v-lg-2 gutters-row-v-md-2 gutters-row-v-2 style-849 style-local-708-c3 position-relative\">\n        <!---->\n        <div class=\"h-row justify-content-lg-center justify-content-md-center justify-content-center align-items-lg-stretch align-items-md-stretch align-items-stretch gutters-col-lg-2 gutters-col-md-2 gutters-col-0 gutters-col-v-lg-2 gutters-col-v-md-2 gutters-col-v-2\">\n          <!---->\n          <div class=\"h-column h-column-container d-flex h-col-lg-auto h-col-md-auto h-col-auto style-850-outer style-local-708-c4-outer\">\n            <div data-colibri-id=\"708-c4\" class=\"d-flex h-flex-basis h-column__inner h-px-lg-2 h-px-md-2 h-px-2 v-inner-lg-2 v-inner-md-2 v-inner-2 style-850 style-local-708-c4 position-relative\">\n              <!---->\n              <!---->\n              <div class=\"w-100 h-y-container h-column__content h-column__v-align flex-basis-100 align-self-lg-start align-self-md-start align-self-start\">\n                <!---->\n                <div data-colibri-id=\"708-c5\" class=\"h-global-transition-all h-heading style-861 style-local-708-c5 position-relative h-element\">\n                  <!---->\n                  <div class=\"h-heading__outer style-861 style-local-708-c5\">\n                    <!---->\n                    <!---->\n                    <h4 class=\"\">3D \u043c\u043e\u0434\u0435\u043b\u0438\u0440\u043e\u0432\u0430\u043d\u0438\u0435 \u0438 \u0438\u0437\u0433\u043e\u0442\u043e\u0432\u043b\u0435\u043d\u0438\u0435 \u0442\u0435\u0445\u043d\u0438\u0447\u0435\u0441\u043a\u043e\u0439 \u0434\u043e\u043a\u0443\u043c\u0435\u043d\u0442\u0430\u0446\u0438\u0438<\/h4>\n                  <\/div>\n                <\/div>\n                <div data-colibri-id=\"708-c6\" class=\"h-text h-text-component style-860 style-local-708-c6 position-relative h-element\">\n                  <!---->\n                  <!---->\n                  <div class=\"\">\n                    <p>\u0423\u0441\u043b\u0443\u0433\u0430 3D \u043c\u043e\u0434\u0435\u043b\u0438\u0440\u043e\u0432\u0430\u043d\u0438\u044f \u043d\u0430 \u043e\u0441\u043d\u043e\u0432\u0430\u043d\u0438\u0438 \u0447\u0435\u0440\u0442\u0435\u0436\u0430 \u0438\u043b\u0438 \u043d\u0430 \u043e\u0441\u043d\u043e\u0432\u0430\u043d\u0438\u0438 \u0437\u0430\u043a\u043e\u043d\u0447\u0435\u043d\u043d\u043e\u0439 \u0447\u0430\u0441\u0442\u0438 \u0438\u043b\u0438 \u043f\u0440\u043e\u0434\u0443\u043a\u0442\u0430, \u043e\u0431\u0440\u0430\u0442\u043d\u0430\u044f \u0440\u0430\u0437\u0440\u0430\u0431\u043e\u0442\u043a\u0430 \u0447\u0430\u0441\u0442\u0435\u0439, \u0430 \u0442\u0430\u043a\u0436\u0435 \u0438 \u043e\u0442\u0441\u043b\u0435\u0436\u0438\u0432\u0430\u043d\u0438\u0435 \u0440\u0430\u0437\u0432\u0438\u0442\u0438\u044f \u043f\u0440\u043e\u0434\u0443\u043a\u0442\u0430 \u0447\u0435\u0440\u0435\u0437 3D \u043c\u043e\u0434\u0435\u043b\u0438 \u0438 \u0447\u0435\u0440\u0442\u0435\u0436\u0438.<\/p>\n                    <p>\u0414\u043b\u044f \u0438\u0437\u0433\u043e\u0442\u043e\u0432\u043b\u0435\u043d\u0438\u044f 3D \u043c\u043e\u0434\u0435\u043b\u0435\u0439 \u0438\u0441\u043f\u043e\u043b\u044c\u0437\u0443\u0435\u043c \u0441\u0442\u0430\u043d\u0434\u0430\u0440\u0434\u0438\u0437\u043e\u0432\u0430\u043d\u043d\u043e\u0435 \u0432 \u0438\u043d\u0434\u0443\u0441\u0442\u0440\u0438\u0438 \u043f\u0440\u043e\u0433\u0440\u0430\u043c\u043c\u043d\u043e\u0435 \u043e\u0431\u0435\u0441\u043f\u0435\u0447\u0435\u043d\u0438\u0435 \u0438 \u043f\u043e \u0436\u0435\u043b\u0430\u043d\u0438\u044e \u043a\u043b\u0438\u043d\u0435\u0442\u0430 \u043f\u0435\u0440\u0435\u0432\u043e\u0434\u0438\u043c \u043c\u043e\u0434\u0435\u043b\u0438 \u0432\u043e \u0432\u0441\u0435 \u0434\u043e\u0441\u0442\u0443\u043f\u043d\u044b\u0435 \u0444\u043e\u0440\u043c\u0430\u0442\u044b (STEP, IGES, STL...).<\/p>\n                    <p>\u0418\u0437\u0433\u043e\u0442\u043e\u0432\u043b\u0435\u043d\u0438\u0435 \u043f\u043e\u043b\u043d\u043e\u0439 \u0442\u0435\u0445\u043d\u0438\u0447\u0435\u0441\u043a\u043e\u0439 \u0438 \u043f\u0440\u043e\u0438\u0437\u0432\u043e\u0434\u0441\u0442\u0432\u0435\u043d\u043d\u043e\u0439 \u043c\u0430\u0448\u0438\u043d\u043d\u043e\u0439 \u0434\u043e\u043a\u0443\u043c\u0435\u043d\u0442\u0430\u0446\u0438\u0438 \u0434\u043b\u044f \u043f\u0440\u043e\u0434\u0443\u043a\u0442\u043e\u0432 \u0438 \u043e\u0442\u0434\u0435\u043b\u044c\u043d\u044b\u0445 \u043f\u043e\u0437\u0438\u0446\u0438\u0439. \u0418\u0437\u0433\u043e\u0442\u043e\u0432\u043b\u0435\u043d\u0438\u0435 \u0441\u043f\u0438\u0441\u043a\u0430 \u043c\u0430\u0442\u0435\u0440\u0438\u0430\u043b\u043e\u0432 \u0434\u043b\u044f \u0440\u0435\u0437\u043a\u0438 \u043f\u043b\u0430\u043d\u0430\u0440\u043d\u044b\u0445 \u0447\u0430\u0441\u0442\u0435\u0439, \u043f\u043e\u0434\u0433\u043e\u0442\u043e\u0432\u043a\u0430 \u043c\u043e\u0434\u0435\u043b\u0435\u0439 \u0438 \u0447\u0435\u0440\u0442\u0435\u0436\u0435\u0439 \u0434\u043b\u044f \u0427\u041f\u0423 \u043e\u0431\u0440\u0430\u0431\u043e\u0442\u043a\u0438.\n                      <br>\n                    <\/p>\n                    <p>\n                      <br>\n                    <\/p>\n                    <p>\n                      <br>\n                    <\/p>\n                  <\/div>\n                <\/div>\n              <\/div>\n            <\/div>\n          <\/div>\n          <div class=\"h-column h-column-container d-flex h-col-lg-auto h-col-md-auto h-col-auto style-851-outer style-local-708-c7-outer\">\n            <div data-colibri-id=\"708-c7\" class=\"d-flex h-flex-basis h-column__inner h-px-lg-2 h-px-md-2 h-px-2 v-inner-lg-2 v-inner-md-2 v-inner-2 style-851 style-local-708-c7 position-relative\">\n              <!---->\n              <!---->\n              <div class=\"w-100 h-y-container h-column__content h-column__v-align flex-basis-100 align-self-lg-start align-self-md-start align-self-start\">\n                <!---->\n                <div data-colibri-id=\"708-c8\" class=\"d-block style-856 style-local-708-c8 position-relative h-element\">\n                  <!---->\n                  <div class=\"h-image__frame-container-outer\">\n                    <div class=\"h-image__frame-container\">\n                      <!---->\n                      <!---->\n                      <img loading=\"lazy\" decoding=\"async\" width=\"1153\" height=\"798\" src=\"http:\/\/instrumenta.rs\/wp-content\/uploads\/2021\/11\/3D-modelovanje2.png\" class=\"wp-image-1162 style-856-image style-local-708-c8-image\" alt=\"3D modelovanje\" srcset=\"http:\/\/instrumenta.rs\/wp-content\/uploads\/2021\/11\/3D-modelovanje2.png 1153w, http:\/\/instrumenta.rs\/wp-content\/uploads\/2021\/11\/3D-modelovanje2-300x208.png 300w, http:\/\/instrumenta.rs\/wp-content\/uploads\/2021\/11\/3D-modelovanje2-1024x709.png 1024w, http:\/\/instrumenta.rs\/wp-content\/uploads\/2021\/11\/3D-modelovanje2-768x532.png 768w, http:\/\/instrumenta.rs\/wp-content\/uploads\/2021\/11\/3D-modelovanje2-18x12.png 18w\" sizes=\"auto, (max-width: 1153px) 100vw, 1153px\" \/>\n                      <div class=\"h-image__frame h-hide-lg h-hide-md h-hide-sm style-856-frameImage style-local-708-c8-frameImage\"><\/div>\n                    <\/div>\n                    <div class=\"style-856-caption style-local-708-c8-caption\">\n                      3D \u043c\u043e\u0434\u0435\u043b\u044c \u0440\u0430\u043c\u044b \u044d\u043b\u0435\u043a\u0442\u0440\u0438\u0447\u0435\u0441\u043a\u043e\u0433\u043e \u043c\u043e\u0442\u043e\u0446\u0438\u043a\u043b\u0430\n                    <\/div>\n                  <\/div>\n                <\/div>\n              <\/div>\n            <\/div>\n          <\/div>\n        <\/div>\n      <\/div>\n      <div data-colibri-id=\"708-c9\" class=\"h-row-container gutters-row-lg-2 gutters-row-md-2 gutters-row-0 gutters-row-v-lg-2 gutters-row-v-md-2 gutters-row-v-2 style-852 style-local-708-c9 position-relative\">\n        <!---->\n        <div class=\"h-row justify-content-lg-center justify-content-md-center justify-content-center align-items-lg-stretch align-items-md-stretch align-items-stretch gutters-col-lg-2 gutters-col-md-2 gutters-col-0 gutters-col-v-lg-2 gutters-col-v-md-2 gutters-col-v-2\">\n          <!---->\n          <div class=\"h-column h-column-container d-flex h-col-lg-auto h-col-md-auto h-col-auto style-853-outer style-local-708-c10-outer\">\n            <div data-colibri-id=\"708-c10\" class=\"d-flex h-flex-basis h-column__inner h-px-lg-2 h-px-md-2 h-px-2 v-inner-lg-2 v-inner-md-2 v-inner-2 style-853 style-local-708-c10 position-relative\">\n              <!---->\n              <!---->\n              <div class=\"w-100 h-y-container h-column__content h-column__v-align flex-basis-100 align-self-lg-start align-self-md-start align-self-start\">\n                <!---->\n                <div data-colibri-id=\"708-c11\" class=\"h-global-transition-all h-heading style-858 style-local-708-c11 position-relative h-element\">\n                  <!---->\n                  <div class=\"h-heading__outer style-858 style-local-708-c11\">\n                    <!---->\n                    <!---->\n                    <h4 class=\"\">\u0418\u0437\u0433\u043e\u0442\u043e\u0432\u043b\u0435\u043d\u0438\u0435 \u0447\u0435\u0440\u0442\u0435\u0436\u0435\u0439 \u043d\u0430 \u043e\u0441\u043d\u043e\u0432\u0430\u043d\u0438\u0438 3D \u043c\u043e\u0434\u0435\u043b\u0438<\/h4>\n                  <\/div>\n                <\/div>\n                <div data-colibri-id=\"708-c12\" class=\"h-text h-text-component style-857 style-local-708-c12 position-relative h-element\">\n                  <!---->\n                  <!---->\n                  <div class=\"\">\n                    <p>\u041d\u0430 \u043e\u0441\u043d\u043e\u0432\u0430\u043d\u0438\u0438 3D \u043c\u043e\u0434\u0435\u043b\u0435\u0439 \u043c\u043e\u0436\u043d\u043e \u0434\u0435\u043b\u0430\u0442\u044c \u0447\u0435\u0440\u0442\u0435\u0436\u0438 \u0434\u043b\u044f \u0442\u0435\u0445\u043d\u0438\u0447\u0435\u0441\u043a\u043e\u0439 \u0434\u043e\u043a\u0443\u043c\u0435\u043d\u0442\u0430\u0446\u0438\u0438 \u0438 \u0447\u0435\u0440\u0442\u0435\u0436\u0438 \u0434\u043b\u044f \u0438\u0437\u0433\u043e\u0442\u043e\u0432\u043b\u0435\u043d\u0438\u044f \u0447\u0430\u0441\u0442\u0435\u0439.<\/p>\n                    <p>\u0414\u043b\u044f \u0440\u0430\u0431\u043e\u0447\u0438\u0445 \u0447\u0435\u0440\u0442\u0435\u0436\u0435\u0439 \u043c\u044b \u0438\u0437\u0433\u043e\u0442\u043e\u0432\u043b\u0430\u0435\u043c \u0441\u043f\u0438\u0441\u043e\u043a \u0447\u0430\u0441\u0442\u0435\u0439 \u0438 \u043c\u0430\u0442\u0435\u0440\u0438\u0430\u043b\u043e\u0432, \u0447\u0435\u0440\u0442\u0435\u0436\u0438 \u0438\u0437\u0434\u0435\u043b\u0438\u0439 \u0438 \u0438\u0445 \u0441\u0431\u043e\u0440\u043e\u0447\u043d\u044b\u0445 \u0435\u0434\u0438\u043d\u0438\u0446, \u043e\u0442\u0434\u0435\u043b\u044c\u043d\u044b\u0445 \u0447\u0430\u0441\u0442\u0435\u0439, \u0430 \u0442\u0430\u043a\u0436\u0435 \u0438 \u0441\u0432\u0430\u0440\u043e\u0447\u043d\u044b\u0435 \u0447\u0435\u0440\u0442\u0435\u0436\u0438.<\/p>\n                    <p>\u041a\u0440\u043e\u043c\u0435 \u0442\u0435\u0445\u043d\u0438\u0447\u0435\u0441\u043a\u0438\u0445 \u0447\u0435\u0440\u0442\u0435\u0436\u0435\u0439 \u0435\u0441\u0442\u044c \u0432\u043e\u0437\u043c\u043e\u0436\u043d\u043e\u0441\u0442\u044c \u0438\u0437\u0433\u043e\u0442\u043e\u0432\u043b\u0435\u043d\u0438\u044f \u0438 \u043c\u043e\u043d\u0442\u0430\u0436\u043d\u044b\u0445 \u0447\u0435\u0440\u0442\u0435\u0436\u0435\u0439 \u0438 \u0438\u043d\u0441\u0442\u0440\u0443\u043a\u0446\u0438\u0439. \u041e\u043d\u0438 \u0441\u043b\u0435\u0434\u044f\u0442 \u0437\u0430 \u0441\u0430\u043c\u0438\u043c \u043f\u0440\u043e\u0434\u0443\u043a\u0442\u043e\u043c, \u043a\u043e\u0442\u043e\u0440\u044b\u0439 \u043c\u043e\u043d\u0442\u0438\u0440\u0443\u0435\u0442\u0441\u044f \u0443 \u0444\u0438\u043d\u0430\u043b\u044c\u043d\u043e\u0433\u043e \u043f\u043e\u043b\u044c\u0437\u043e\u0432\u0430\u0442\u0435\u043b\u044f \u043f\u043e\u0441\u043b\u0435 \u0434\u043e\u0441\u0442\u0430\u0432\u043a\u0438.\n                      <br>\n                    <\/p>\n                  <\/div>\n                <\/div>\n                <div data-colibri-id=\"708-c13\" class=\"d-block style-859 style-local-708-c13 position-relative h-element\">\n                  <!---->\n                  <div class=\"h-image__frame-container-outer\">\n                    <div class=\"h-image__frame-container\">\n                      <!---->\n                      <!---->\n                      <img loading=\"lazy\" decoding=\"async\" width=\"1185\" height=\"762\" src=\"http:\/\/instrumenta.rs\/wp-content\/uploads\/2021\/11\/cropped-3D-modelovanje.png\" class=\"wp-image-1160 style-859-image style-local-708-c13-image\" alt=\"3D model\" srcset=\"http:\/\/instrumenta.rs\/wp-content\/uploads\/2021\/11\/cropped-3D-modelovanje.png 1185w, http:\/\/instrumenta.rs\/wp-content\/uploads\/2021\/11\/cropped-3D-modelovanje-300x193.png 300w, http:\/\/instrumenta.rs\/wp-content\/uploads\/2021\/11\/cropped-3D-modelovanje-1024x658.png 1024w, http:\/\/instrumenta.rs\/wp-content\/uploads\/2021\/11\/cropped-3D-modelovanje-768x494.png 768w, http:\/\/instrumenta.rs\/wp-content\/uploads\/2021\/11\/cropped-3D-modelovanje-18x12.png 18w\" sizes=\"auto, (max-width: 1185px) 100vw, 1185px\" \/>\n                      <div class=\"h-image__frame h-hide-lg h-hide-md h-hide-sm style-859-frameImage style-local-708-c13-frameImage\"><\/div>\n                    <\/div>\n                    <div class=\"style-859-caption style-local-708-c13-caption\">\n                      3D \u043c\u043e\u0434\u0435\u043b\u044c \u043f\u043e\u0437\u0438\u0446\u0438\u0438\n                    <\/div>\n                  <\/div>\n                <\/div>\n              <\/div>\n            <\/div>\n          <\/div>\n          <div class=\"h-column h-column-container d-flex h-col-lg-auto h-col-md-auto h-col-auto style-854-outer style-local-708-c14-outer\">\n            <div data-colibri-id=\"708-c14\" class=\"d-flex h-flex-basis h-column__inner h-px-lg-2 h-px-md-2 h-px-2 v-inner-lg-2 v-inner-md-2 v-inner-2 style-854 style-local-708-c14 position-relative\">\n              <!---->\n              <!---->\n              <div class=\"w-100 h-y-container h-column__content h-column__v-align flex-basis-100 align-self-lg-start align-self-md-start align-self-start\">\n                <!---->\n                <div data-colibri-id=\"708-c15\" class=\"d-block style-855 style-local-708-c15 position-relative h-element\">\n                  <!---->\n                  <div class=\"h-image__frame-container-outer\">\n                    <div class=\"h-image__frame-container\">\n                      <!---->\n                      <!---->\n                      <img loading=\"lazy\" decoding=\"async\" width=\"1200\" height=\"1386\" src=\"http:\/\/instrumenta.rs\/wp-content\/uploads\/2021\/11\/cropped-3D-modelovanje.jpg\" class=\"wp-image-1158 style-855-image style-local-708-c15-image\" alt=\"3D model i crte\u017e\" srcset=\"http:\/\/instrumenta.rs\/wp-content\/uploads\/2021\/11\/cropped-3D-modelovanje.jpg 1200w, http:\/\/instrumenta.rs\/wp-content\/uploads\/2021\/11\/cropped-3D-modelovanje-260x300.jpg 260w, http:\/\/instrumenta.rs\/wp-content\/uploads\/2021\/11\/cropped-3D-modelovanje-887x1024.jpg 887w, http:\/\/instrumenta.rs\/wp-content\/uploads\/2021\/11\/cropped-3D-modelovanje-768x887.jpg 768w, http:\/\/instrumenta.rs\/wp-content\/uploads\/2021\/11\/cropped-3D-modelovanje-10x12.jpg 10w\" sizes=\"auto, (max-width: 1200px) 100vw, 1200px\" \/>\n                      <div class=\"h-image__frame h-hide-lg h-hide-md h-hide-sm style-855-frameImage style-local-708-c15-frameImage\"><\/div>\n                    <\/div>\n                    <div class=\"style-855-caption style-local-708-c15-caption\">\n                      \u0422\u0435\u0445\u043d\u0438\u0447\u0435\u0441\u043a\u0438\u0439 \u0447\u0435\u0440\u0442\u0435\u0436 \u0438 \u0438\u0437\u0433\u043e\u0442\u043e\u0432\u043b\u0435\u043d\u043d\u0430\u044f \u043f\u043e\u0437\u0438\u0446\u0438\u044f\n                    <\/div>\n                  <\/div>\n                <\/div>\n              <\/div>\n            <\/div>\n          <\/div>\n        <\/div>\n      <\/div>\n      <div data-colibri-id=\"708-c16\" class=\"h-row-container gutters-row-lg-2 gutters-row-md-2 gutters-row-0 gutters-row-v-lg-2 gutters-row-v-md-2 gutters-row-v-2 style-961 style-local-708-c16 position-relative\">\n        <!---->\n        <div class=\"h-row justify-content-lg-center justify-content-md-center justify-content-center align-items-lg-stretch align-items-md-stretch align-items-stretch gutters-col-lg-2 gutters-col-md-2 gutters-col-0 gutters-col-v-lg-2 gutters-col-v-md-2 gutters-col-v-2\">\n          <!---->\n          <div class=\"h-column h-column-container d-flex h-col-lg-auto h-col-md-auto h-col-auto style-962-outer style-local-708-c17-outer\">\n            <div data-colibri-id=\"708-c17\" class=\"d-flex h-flex-basis h-column__inner h-px-lg-2 h-px-md-2 h-px-2 v-inner-lg-2 v-inner-md-2 v-inner-2 style-962 style-local-708-c17 position-relative\">\n              <!---->\n              <!---->\n              <div class=\"w-100 h-y-container h-column__content h-column__v-align flex-basis-100 align-self-lg-start align-self-md-start align-self-start\">\n                <!---->\n                <div data-colibri-id=\"708-c18\" class=\"d-block style-965 style-local-708-c18 position-relative h-element\">\n                  <!---->\n                  <div class=\"h-image__frame-container-outer\">\n                    <div class=\"h-image__frame-container\">\n                      <!---->\n                      <!---->\n                      <img loading=\"lazy\" decoding=\"async\" width=\"2560\" height=\"1920\" src=\"http:\/\/instrumenta.rs\/wp-content\/uploads\/2021\/11\/3D-modelovanje4-scaled.jpg\" class=\"wp-image-1407 style-965-image style-local-708-c18-image\" alt=\"\" srcset=\"http:\/\/instrumenta.rs\/wp-content\/uploads\/2021\/11\/3D-modelovanje4-scaled.jpg 2560w, http:\/\/instrumenta.rs\/wp-content\/uploads\/2021\/11\/3D-modelovanje4-300x225.jpg 300w, http:\/\/instrumenta.rs\/wp-content\/uploads\/2021\/11\/3D-modelovanje4-1024x768.jpg 1024w, http:\/\/instrumenta.rs\/wp-content\/uploads\/2021\/11\/3D-modelovanje4-768x576.jpg 768w, http:\/\/instrumenta.rs\/wp-content\/uploads\/2021\/11\/3D-modelovanje4-1536x1152.jpg 1536w, http:\/\/instrumenta.rs\/wp-content\/uploads\/2021\/11\/3D-modelovanje4-2048x1536.jpg 2048w, http:\/\/instrumenta.rs\/wp-content\/uploads\/2021\/11\/3D-modelovanje4-16x12.jpg 16w\" sizes=\"auto, (max-width: 2560px) 100vw, 2560px\" \/>\n                      <div class=\"h-image__frame h-hide-lg h-hide-md h-hide-sm style-965-frameImage style-local-708-c18-frameImage\"><\/div>\n                    <\/div>\n                  <\/div>\n                <\/div>\n              <\/div>\n            <\/div>\n          <\/div>\n          <div class=\"h-column h-column-container d-flex h-col-lg-auto h-col-md-auto h-col-auto style-963-outer style-local-708-c19-outer\">\n            <div data-colibri-id=\"708-c19\" class=\"d-flex h-flex-basis h-column__inner h-px-lg-2 h-px-md-2 h-px-2 v-inner-lg-2 v-inner-md-2 v-inner-2 style-963 style-local-708-c19 position-relative\">\n              <!---->\n              <!---->\n              <div class=\"w-100 h-y-container h-column__content h-column__v-align flex-basis-100 align-self-lg-start align-self-md-start align-self-start\">\n                <!---->\n                <div data-colibri-id=\"708-c20\" class=\"d-block style-966 style-local-708-c20 position-relative h-element\">\n                  <!---->\n                  <div class=\"h-image__frame-container-outer\">\n                    <div class=\"h-image__frame-container\">\n                      <!---->\n                      <!---->\n                      <img loading=\"lazy\" decoding=\"async\" width=\"1489\" height=\"1117\" src=\"http:\/\/instrumenta.rs\/wp-content\/uploads\/2021\/11\/3D-modelovanje5.png\" class=\"wp-image-1408 style-966-image style-local-708-c20-image\" alt=\"3D modelovanje\" srcset=\"http:\/\/instrumenta.rs\/wp-content\/uploads\/2021\/11\/3D-modelovanje5.png 1489w, http:\/\/instrumenta.rs\/wp-content\/uploads\/2021\/11\/3D-modelovanje5-300x225.png 300w, http:\/\/instrumenta.rs\/wp-content\/uploads\/2021\/11\/3D-modelovanje5-1024x768.png 1024w, http:\/\/instrumenta.rs\/wp-content\/uploads\/2021\/11\/3D-modelovanje5-768x576.png 768w, http:\/\/instrumenta.rs\/wp-content\/uploads\/2021\/11\/3D-modelovanje5-16x12.png 16w\" sizes=\"auto, (max-width: 1489px) 100vw, 1489px\" \/>\n                      <div class=\"h-image__frame h-hide-lg h-hide-md h-hide-sm style-966-frameImage style-local-708-c20-frameImage\"><\/div>\n                    <\/div>\n                  <\/div>\n                <\/div>\n              <\/div>\n            <\/div>\n          <\/div>\n          <div class=\"h-column h-column-container d-flex h-col-lg-auto h-col-md-auto h-col-auto style-964-outer style-local-708-c21-outer\">\n            <div data-colibri-id=\"708-c21\" class=\"d-flex h-flex-basis h-column__inner h-px-lg-2 h-px-md-2 h-px-2 v-inner-lg-2 v-inner-md-2 v-inner-2 style-964 style-local-708-c21 position-relative\">\n              <!---->\n              <!---->\n              <div class=\"w-100 h-y-container h-column__content h-column__v-align flex-basis-100 align-self-lg-start align-self-md-start align-self-start\">\n                <!---->\n                <div data-colibri-id=\"708-c22\" class=\"d-block style-967 style-local-708-c22 position-relative h-element\">\n                  <!---->\n                  <div class=\"h-image__frame-container-outer\">\n                    <div class=\"h-image__frame-container\">\n                      <!---->\n                      <!---->\n                      <img loading=\"lazy\" decoding=\"async\" width=\"1251\" height=\"938\" src=\"http:\/\/instrumenta.rs\/wp-content\/uploads\/2021\/11\/3D-modelovanje6.jpg\" class=\"wp-image-1409 style-967-image style-local-708-c22-image\" alt=\"\" srcset=\"http:\/\/instrumenta.rs\/wp-content\/uploads\/2021\/11\/3D-modelovanje6.jpg 1251w, http:\/\/instrumenta.rs\/wp-content\/uploads\/2021\/11\/3D-modelovanje6-300x225.jpg 300w, http:\/\/instrumenta.rs\/wp-content\/uploads\/2021\/11\/3D-modelovanje6-1024x768.jpg 1024w, http:\/\/instrumenta.rs\/wp-content\/uploads\/2021\/11\/3D-modelovanje6-768x576.jpg 768w, http:\/\/instrumenta.rs\/wp-content\/uploads\/2021\/11\/3D-modelovanje6-16x12.jpg 16w\" sizes=\"auto, (max-width: 1251px) 100vw, 1251px\" \/>\n                      <div class=\"h-image__frame h-hide-lg h-hide-md h-hide-sm style-967-frameImage style-local-708-c22-frameImage\"><\/div>\n                    <\/div>\n                  <\/div>\n                <\/div>\n              <\/div>\n            <\/div>\n          <\/div>\n        <\/div>\n      <\/div>\n    <\/div>\n  <\/div>\n<\/div>","protected":false},"excerpt":{"rendered":"<p>3D modelovanje i izrada tehni\u010dke dokumentacije Usluga 3D modelovanja na osnovu crte\u017ea ili na osnovu gotovog dela ili proizvoda, reverzni in\u017eenjering delova kao i pra\u0107enje razvoja proizvoda kroz 3D modele i crte\u017ee. Za izradu 3D modela koristimo softvere koji su industrijski standard i po \u017eelji klijenta modele eksportujemo u sve dostupne formate (STEP, IGES, STL&#8230;). [&hellip;]<\/p>\n","protected":false},"author":1,"featured_media":1160,"parent":454,"menu_order":2,"comment_status":"closed","ping_status":"closed","template":"page-templates\/full-width-page.php","meta":{"footnotes":""},"class_list":["post-708","page","type-page","status-publish","has-post-thumbnail","hentry"],"_links":{"self":[{"href":"http:\/\/instrumenta.rs\/ru\/wp-json\/wp\/v2\/pages\/708","targetHints":{"allow":["GET"]}}],"collection":[{"href":"http:\/\/instrumenta.rs\/ru\/wp-json\/wp\/v2\/pages"}],"about":[{"href":"http:\/\/instrumenta.rs\/ru\/wp-json\/wp\/v2\/types\/page"}],"author":[{"embeddable":true,"href":"http:\/\/instrumenta.rs\/ru\/wp-json\/wp\/v2\/users\/1"}],"replies":[{"embeddable":true,"href":"http:\/\/instrumenta.rs\/ru\/wp-json\/wp\/v2\/comments?post=708"}],"version-history":[{"count":16,"href":"http:\/\/instrumenta.rs\/ru\/wp-json\/wp\/v2\/pages\/708\/revisions"}],"predecessor-version":[{"id":1590,"href":"http:\/\/instrumenta.rs\/ru\/wp-json\/wp\/v2\/pages\/708\/revisions\/1590"}],"up":[{"embeddable":true,"href":"http:\/\/instrumenta.rs\/ru\/wp-json\/wp\/v2\/pages\/454"}],"wp:featuredmedia":[{"embeddable":true,"href":"http:\/\/instrumenta.rs\/ru\/wp-json\/wp\/v2\/media\/1160"}],"wp:attachment":[{"href":"http:\/\/instrumenta.rs\/ru\/wp-json\/wp\/v2\/media?parent=708"}],"curies":[{"name":"wp","href":"https:\/\/api.w.org\/{rel}","templated":true}]}}