{"id":1197,"date":"2021-11-23T00:33:27","date_gmt":"2021-11-23T00:33:27","guid":{"rendered":"http:\/\/instrumenta.rs\/?page_id=1197"},"modified":"2022-11-15T22:21:28","modified_gmt":"2022-11-15T22:21:28","slug":"cnc-masinski-delovi","status":"publish","type":"page","link":"http:\/\/instrumenta.rs\/en\/usluge\/cnc-masinski-delovi\/","title":{"rendered":"CNC\/machining"},"content":{"rendered":"<div data-colibri-id=\"1197-c1\" class=\"style-862 style-local-1197-c1 position-relative\">\n  <!---->\n  <div data-colibri-component=\"section\" data-colibri-id=\"1197-c2\" id=\"custom\" class=\"h-section h-section-global-spacing d-flex align-items-lg-center align-items-md-center align-items-center style-863 style-local-1197-c2 position-relative\">\n    <!---->\n    <!---->\n    <div class=\"h-section-grid-container h-section-boxed-container\">\n      <!---->\n      <div data-colibri-id=\"1197-c3\" class=\"h-row-container gutters-row-lg-2 gutters-row-md-2 gutters-row-0 gutters-row-v-lg-2 gutters-row-v-md-2 gutters-row-v-2 style-864 style-local-1197-c3 position-relative\">\n        <!---->\n        <div class=\"h-row justify-content-lg-center justify-content-md-center justify-content-center align-items-lg-stretch align-items-md-stretch align-items-stretch gutters-col-lg-2 gutters-col-md-2 gutters-col-0 gutters-col-v-lg-2 gutters-col-v-md-2 gutters-col-v-2\">\n          <!---->\n          <div class=\"h-column h-column-container d-flex h-col-lg-auto h-col-md-auto h-col-auto style-865-outer style-local-1197-c4-outer\">\n            <div data-colibri-id=\"1197-c4\" class=\"d-flex h-flex-basis h-column__inner h-px-lg-2 h-px-md-2 h-px-2 v-inner-lg-2 v-inner-md-2 v-inner-2 style-865 style-local-1197-c4 position-relative\">\n              <!---->\n              <!---->\n              <div class=\"w-100 h-y-container h-column__content h-column__v-align flex-basis-100 align-self-lg-start align-self-md-start align-self-start\">\n                <!---->\n                <div data-colibri-id=\"1197-c5\" class=\"h-text h-text-component style-870 style-local-1197-c5 position-relative h-element\">\n                  <!---->\n                  <!---->\n                  <div class=\"\">\n                    <p>Metal machining on manual and CNC machines. Our services include turning, milling, cutting, bending using shears, laser, and press, as well as parallel grinding. We also offer metal welding and gear manufacturing with modules ranging from 0.7 to 12. Additionally, we provide part optimization and select appropriate production processes for the given components.\n                      <br>\n                    <\/p>\n                  <\/div>\n                <\/div>\n              <\/div>\n            <\/div>\n          <\/div>\n          <div class=\"h-column h-column-container d-flex h-col-lg-auto h-col-md-auto h-col-auto style-866-outer style-local-1197-c6-outer\">\n            <div data-colibri-id=\"1197-c6\" class=\"d-flex h-flex-basis h-column__inner h-px-lg-2 h-px-md-2 h-px-2 v-inner-lg-2 v-inner-md-2 v-inner-2 style-866 style-local-1197-c6 position-relative\">\n              <!---->\n              <!---->\n              <div class=\"w-100 h-y-container h-column__content h-column__v-align flex-basis-100 align-self-lg-start align-self-md-start align-self-start\">\n                <!---->\n                <div data-colibri-id=\"1197-c7\" class=\"d-block style-879 style-local-1197-c7 position-relative h-element\">\n                  <!---->\n                  <div class=\"h-image__frame-container-outer\">\n                    <div class=\"h-image__frame-container\">\n                      <!---->\n                      <!---->\n                      <img loading=\"lazy\" decoding=\"async\" width=\"2560\" height=\"2134\" src=\"http:\/\/instrumenta.rs\/wp-content\/uploads\/2022\/11\/Litijum_kutija_1-scaled.jpg\" class=\"wp-image-1559 style-879-image style-local-1197-c7-image\" alt=\"Obrada metala\" srcset=\"http:\/\/instrumenta.rs\/wp-content\/uploads\/2022\/11\/Litijum_kutija_1-scaled.jpg 2560w, http:\/\/instrumenta.rs\/wp-content\/uploads\/2022\/11\/Litijum_kutija_1-300x250.jpg 300w, http:\/\/instrumenta.rs\/wp-content\/uploads\/2022\/11\/Litijum_kutija_1-1024x854.jpg 1024w, http:\/\/instrumenta.rs\/wp-content\/uploads\/2022\/11\/Litijum_kutija_1-768x640.jpg 768w, http:\/\/instrumenta.rs\/wp-content\/uploads\/2022\/11\/Litijum_kutija_1-1536x1280.jpg 1536w, http:\/\/instrumenta.rs\/wp-content\/uploads\/2022\/11\/Litijum_kutija_1-2048x1707.jpg 2048w, http:\/\/instrumenta.rs\/wp-content\/uploads\/2022\/11\/Litijum_kutija_1-14x12.jpg 14w\" sizes=\"auto, (max-width: 2560px) 100vw, 2560px\" \/>\n                      <div class=\"h-image__frame h-hide-lg h-hide-md h-hide-sm style-879-frameImage style-local-1197-c7-frameImage\"><\/div>\n                    <\/div>\n                  <\/div>\n                <\/div>\n              <\/div>\n            <\/div>\n          <\/div>\n        <\/div>\n      <\/div>\n      <div data-colibri-id=\"1197-c8\" class=\"h-row-container gutters-row-lg-2 gutters-row-md-2 gutters-row-0 gutters-row-v-lg-2 gutters-row-v-md-2 gutters-row-v-2 style-867 style-local-1197-c8 position-relative\">\n        <!---->\n        <div class=\"h-row justify-content-lg-center justify-content-md-center justify-content-center align-items-lg-stretch align-items-md-stretch align-items-stretch gutters-col-lg-2 gutters-col-md-2 gutters-col-0 gutters-col-v-lg-2 gutters-col-v-md-2 gutters-col-v-2\">\n          <!---->\n          <div class=\"h-column h-column-container d-flex h-col-lg-auto h-col-md-auto h-col-auto style-868-outer style-local-1197-c9-outer\">\n            <div data-colibri-id=\"1197-c9\" class=\"d-flex h-flex-basis h-column__inner h-px-lg-2 h-px-md-2 h-px-2 v-inner-lg-2 v-inner-md-2 v-inner-2 style-868 style-local-1197-c9 position-relative\">\n              <!---->\n              <!---->\n              <div class=\"w-100 h-y-container h-column__content h-column__v-align flex-basis-100 align-self-lg-start align-self-md-start align-self-start\">\n                <!---->\n                <div data-colibri-id=\"1197-c10\" class=\"h-global-transition-all h-heading style-872 style-local-1197-c10 position-relative h-element\">\n                  <!---->\n                  <div class=\"h-heading__outer style-872 style-local-1197-c10\">\n                    <!---->\n                    <!---->\n                    <h4 class=\"\">Turning<\/h4>\n                  <\/div>\n                <\/div>\n                <div data-colibri-id=\"1197-c11\" class=\"h-text h-text-component style-871 style-local-1197-c11 position-relative h-element\">\n                  <!---->\n                  <!---->\n                  <div class=\"\">\n                    <p>Izrada delova na strugu.\n                      <br>\n                    <\/p>\n                  <\/div>\n                <\/div>\n              <\/div>\n            <\/div>\n          <\/div>\n          <div class=\"h-column h-column-container d-flex h-col-lg-auto h-col-md-auto h-col-auto style-869-outer style-local-1197-c12-outer\">\n            <div data-colibri-id=\"1197-c12\" class=\"d-flex h-flex-basis h-column__inner h-px-lg-2 h-px-md-2 h-px-2 v-inner-lg-2 v-inner-md-2 v-inner-2 style-869 style-local-1197-c12 position-relative\">\n              <!---->\n              <!---->\n              <div class=\"w-100 h-y-container h-column__content h-column__v-align flex-basis-100 align-self-lg-start align-self-md-start align-self-start\">\n                <!---->\n                <div data-colibri-id=\"1197-c13\" class=\"d-block style-878 style-local-1197-c13 position-relative h-element\">\n                  <!---->\n                  <div class=\"h-image__frame-container-outer\">\n                    <div class=\"h-image__frame-container\">\n                      <!---->\n                      <!---->\n                      <img loading=\"lazy\" decoding=\"async\" width=\"2560\" height=\"1707\" src=\"http:\/\/instrumenta.rs\/wp-content\/uploads\/2021\/04\/IMG_9195-scaled.jpg\" class=\"wp-image-828 style-878-image style-local-1197-c13-image\" alt=\"Delovi od aluminijuma proizvedeni na strugu\" srcset=\"http:\/\/instrumenta.rs\/wp-content\/uploads\/2021\/04\/IMG_9195-scaled.jpg 2560w, http:\/\/instrumenta.rs\/wp-content\/uploads\/2021\/04\/IMG_9195-300x200.jpg 300w, http:\/\/instrumenta.rs\/wp-content\/uploads\/2021\/04\/IMG_9195-1024x683.jpg 1024w, http:\/\/instrumenta.rs\/wp-content\/uploads\/2021\/04\/IMG_9195-768x512.jpg 768w, http:\/\/instrumenta.rs\/wp-content\/uploads\/2021\/04\/IMG_9195-1536x1024.jpg 1536w, http:\/\/instrumenta.rs\/wp-content\/uploads\/2021\/04\/IMG_9195-2048x1365.jpg 2048w\" sizes=\"auto, (max-width: 2560px) 100vw, 2560px\" \/>\n                      <div class=\"h-image__frame h-hide-lg h-hide-md h-hide-sm style-878-frameImage style-local-1197-c13-frameImage\"><\/div>\n                    <\/div>\n                  <\/div>\n                <\/div>\n              <\/div>\n            <\/div>\n          <\/div>\n        <\/div>\n      <\/div>\n      <div data-colibri-id=\"1197-c14\" class=\"h-row-container gutters-row-lg-2 gutters-row-md-2 gutters-row-0 gutters-row-v-lg-2 gutters-row-v-md-2 gutters-row-v-2 style-873 style-local-1197-c14 position-relative\">\n        <!---->\n        <div class=\"h-row justify-content-lg-center justify-content-md-center justify-content-center align-items-lg-stretch align-items-md-stretch align-items-stretch gutters-col-lg-2 gutters-col-md-2 gutters-col-0 gutters-col-v-lg-2 gutters-col-v-md-2 gutters-col-v-2\">\n          <!---->\n          <div class=\"h-column h-column-container d-flex h-col-lg-auto h-col-md-auto h-col-auto style-874-outer style-local-1197-c15-outer\">\n            <div data-colibri-id=\"1197-c15\" class=\"d-flex h-flex-basis h-column__inner h-px-lg-2 h-px-md-2 h-px-2 v-inner-lg-2 v-inner-md-2 v-inner-2 style-874 style-local-1197-c15 position-relative\">\n              <!---->\n              <!---->\n              <div class=\"w-100 h-y-container h-column__content h-column__v-align flex-basis-100 align-self-lg-start align-self-md-start align-self-start\">\n                <!---->\n                <div data-colibri-id=\"1197-c16\" class=\"h-global-transition-all h-heading style-877 style-local-1197-c16 position-relative h-element\">\n                  <!---->\n                  <div class=\"h-heading__outer style-877 style-local-1197-c16\">\n                    <!---->\n                    <!---->\n                    <h4 class=\"\">Milling<\/h4>\n                  <\/div>\n                <\/div>\n                <div data-colibri-id=\"1197-c17\" class=\"h-text h-text-component style-876 style-local-1197-c17 position-relative h-element\">\n                  <!---->\n                  <!---->\n                  <div class=\"\">\n                    <p>Izrada delova na glodalici.\n                      <br>\n                    <\/p>\n                  <\/div>\n                <\/div>\n              <\/div>\n            <\/div>\n          <\/div>\n          <div class=\"h-column h-column-container d-flex h-col-lg-auto h-col-md-auto h-col-auto style-875-outer style-local-1197-c18-outer\">\n            <div data-colibri-id=\"1197-c18\" class=\"d-flex h-flex-basis h-column__inner h-px-lg-2 h-px-md-2 h-px-2 v-inner-lg-2 v-inner-md-2 v-inner-2 style-875 style-local-1197-c18 position-relative\">\n              <!---->\n              <!---->\n              <div class=\"w-100 h-y-container h-column__content h-column__v-align flex-basis-100 align-self-lg-start align-self-md-start align-self-start\">\n                <!---->\n                <div data-colibri-id=\"1197-c19\" class=\"d-block style-880 style-local-1197-c19 position-relative h-element\">\n                  <!---->\n                  <div class=\"h-image__frame-container-outer\">\n                    <div class=\"h-image__frame-container\">\n                      <!---->\n                      <!---->\n                      <img loading=\"lazy\" decoding=\"async\" width=\"2560\" height=\"1707\" src=\"http:\/\/instrumenta.rs\/wp-content\/uploads\/2021\/04\/MG_9461-scaled.jpg\" class=\"wp-image-829 style-880-image style-local-1197-c19-image\" alt=\"\u010celi\u010dna \u0161tipaljka\" srcset=\"http:\/\/instrumenta.rs\/wp-content\/uploads\/2021\/04\/MG_9461-scaled.jpg 2560w, http:\/\/instrumenta.rs\/wp-content\/uploads\/2021\/04\/MG_9461-300x200.jpg 300w, http:\/\/instrumenta.rs\/wp-content\/uploads\/2021\/04\/MG_9461-1024x683.jpg 1024w, http:\/\/instrumenta.rs\/wp-content\/uploads\/2021\/04\/MG_9461-768x512.jpg 768w, http:\/\/instrumenta.rs\/wp-content\/uploads\/2021\/04\/MG_9461-1536x1024.jpg 1536w, http:\/\/instrumenta.rs\/wp-content\/uploads\/2021\/04\/MG_9461-2048x1365.jpg 2048w\" sizes=\"auto, (max-width: 2560px) 100vw, 2560px\" \/>\n                      <div class=\"h-image__frame h-hide-lg h-hide-md h-hide-sm style-880-frameImage style-local-1197-c19-frameImage\"><\/div>\n                    <\/div>\n                  <\/div>\n                <\/div>\n              <\/div>\n            <\/div>\n          <\/div>\n        <\/div>\n      <\/div>\n      <div data-colibri-id=\"1197-c20\" class=\"h-row-container gutters-row-lg-2 gutters-row-md-2 gutters-row-0 gutters-row-v-lg-2 gutters-row-v-md-2 gutters-row-v-2 style-914 style-local-1197-c20 position-relative\">\n        <!---->\n        <div class=\"h-row justify-content-lg-center justify-content-md-center justify-content-center align-items-lg-stretch align-items-md-stretch align-items-stretch gutters-col-lg-2 gutters-col-md-2 gutters-col-0 gutters-col-v-lg-2 gutters-col-v-md-2 gutters-col-v-2\">\n          <!---->\n          <div class=\"h-column h-column-container d-flex h-col-lg-auto h-col-md-auto h-col-auto style-915-outer style-local-1197-c21-outer\">\n            <div data-colibri-id=\"1197-c21\" class=\"d-flex h-flex-basis h-column__inner h-px-lg-2 h-px-md-2 h-px-2 v-inner-lg-2 v-inner-md-2 v-inner-2 style-915 style-local-1197-c21 position-relative\">\n              <!---->\n              <!---->\n              <div class=\"w-100 h-y-container h-column__content h-column__v-align flex-basis-100 align-self-lg-start align-self-md-start align-self-start\">\n                <!---->\n                <div data-colibri-id=\"1197-c22\" class=\"d-block style-918 style-local-1197-c22 position-relative h-element\">\n                  <!---->\n                  <div class=\"h-image__frame-container-outer\">\n                    <div class=\"h-image__frame-container\">\n                      <!---->\n                      <!---->\n                      <img loading=\"lazy\" decoding=\"async\" width=\"1944\" height=\"1190\" src=\"http:\/\/instrumenta.rs\/wp-content\/uploads\/2021\/11\/Struganje_glodanje.jpg\" class=\"wp-image-1290 style-918-image style-local-1197-c22-image\" alt=\"Struganje i glodanje\" srcset=\"http:\/\/instrumenta.rs\/wp-content\/uploads\/2021\/11\/Struganje_glodanje.jpg 1944w, http:\/\/instrumenta.rs\/wp-content\/uploads\/2021\/11\/Struganje_glodanje-300x184.jpg 300w, http:\/\/instrumenta.rs\/wp-content\/uploads\/2021\/11\/Struganje_glodanje-1024x627.jpg 1024w, http:\/\/instrumenta.rs\/wp-content\/uploads\/2021\/11\/Struganje_glodanje-768x470.jpg 768w, http:\/\/instrumenta.rs\/wp-content\/uploads\/2021\/11\/Struganje_glodanje-1536x940.jpg 1536w, http:\/\/instrumenta.rs\/wp-content\/uploads\/2021\/11\/Struganje_glodanje-18x12.jpg 18w\" sizes=\"auto, (max-width: 1944px) 100vw, 1944px\" \/>\n                      <div class=\"h-image__frame h-hide-lg h-hide-md h-hide-sm style-918-frameImage style-local-1197-c22-frameImage\"><\/div>\n                    <\/div>\n                  <\/div>\n                <\/div>\n              <\/div>\n            <\/div>\n          <\/div>\n          <div class=\"h-column h-column-container d-flex h-col-lg-auto h-col-md-auto h-col-auto style-916-outer style-local-1197-c23-outer\">\n            <div data-colibri-id=\"1197-c23\" class=\"d-flex h-flex-basis h-column__inner h-px-lg-2 h-px-md-2 h-px-2 v-inner-lg-2 v-inner-md-2 v-inner-2 style-916 style-local-1197-c23 position-relative\">\n              <!---->\n              <!---->\n              <div class=\"w-100 h-y-container h-column__content h-column__v-align flex-basis-100 align-self-lg-start align-self-md-start align-self-start\">\n                <!---->\n                <div data-colibri-id=\"1197-c24\" class=\"d-block style-919 style-local-1197-c24 position-relative h-element\">\n                  <!---->\n                  <div class=\"h-image__frame-container-outer\">\n                    <div class=\"h-image__frame-container\">\n                      <!---->\n                      <!---->\n                      <img loading=\"lazy\" decoding=\"async\" width=\"1511\" height=\"1127\" src=\"http:\/\/instrumenta.rs\/wp-content\/uploads\/2022\/11\/cropped-delovi.jpeg\" class=\"wp-image-1561 style-919-image style-local-1197-c24-image\" alt=\"masinski delovi\" srcset=\"http:\/\/instrumenta.rs\/wp-content\/uploads\/2022\/11\/cropped-delovi.jpeg 1511w, http:\/\/instrumenta.rs\/wp-content\/uploads\/2022\/11\/cropped-delovi-300x224.jpeg 300w, http:\/\/instrumenta.rs\/wp-content\/uploads\/2022\/11\/cropped-delovi-1024x764.jpeg 1024w, http:\/\/instrumenta.rs\/wp-content\/uploads\/2022\/11\/cropped-delovi-768x573.jpeg 768w, http:\/\/instrumenta.rs\/wp-content\/uploads\/2022\/11\/cropped-delovi-16x12.jpeg 16w\" sizes=\"auto, (max-width: 1511px) 100vw, 1511px\" \/>\n                      <div class=\"h-image__frame h-hide-lg h-hide-md h-hide-sm style-919-frameImage style-local-1197-c24-frameImage\"><\/div>\n                    <\/div>\n                  <\/div>\n                <\/div>\n              <\/div>\n            <\/div>\n          <\/div>\n          <div class=\"h-column h-column-container d-flex h-col-lg-auto h-col-md-auto h-col-auto style-917-outer style-local-1197-c25-outer\">\n            <div data-colibri-id=\"1197-c25\" class=\"d-flex h-flex-basis h-column__inner h-px-lg-2 h-px-md-2 h-px-2 v-inner-lg-2 v-inner-md-2 v-inner-2 style-917 style-local-1197-c25 position-relative\">\n              <!---->\n              <!---->\n              <div class=\"w-100 h-y-container h-column__content h-column__v-align flex-basis-100 align-self-lg-start align-self-md-start align-self-start\">\n                <!---->\n                <div data-colibri-id=\"1197-c26\" class=\"d-block style-920 style-local-1197-c26 position-relative h-element\">\n                  <!---->\n                  <div class=\"h-image__frame-container-outer\">\n                    <div class=\"h-image__frame-container\">\n                      <!---->\n                      <!---->\n                      <img loading=\"lazy\" decoding=\"async\" width=\"2560\" height=\"1493\" src=\"http:\/\/instrumenta.rs\/wp-content\/uploads\/2021\/04\/Osovine_lezista-scaled.jpg\" class=\"wp-image-834 style-920-image style-local-1197-c26-image\" alt=\"\" srcset=\"http:\/\/instrumenta.rs\/wp-content\/uploads\/2021\/04\/Osovine_lezista-scaled.jpg 2560w, http:\/\/instrumenta.rs\/wp-content\/uploads\/2021\/04\/Osovine_lezista-300x175.jpg 300w, http:\/\/instrumenta.rs\/wp-content\/uploads\/2021\/04\/Osovine_lezista-1024x597.jpg 1024w, http:\/\/instrumenta.rs\/wp-content\/uploads\/2021\/04\/Osovine_lezista-768x448.jpg 768w, http:\/\/instrumenta.rs\/wp-content\/uploads\/2021\/04\/Osovine_lezista-1536x896.jpg 1536w, http:\/\/instrumenta.rs\/wp-content\/uploads\/2021\/04\/Osovine_lezista-2048x1194.jpg 2048w\" sizes=\"auto, (max-width: 2560px) 100vw, 2560px\" \/>\n                      <div class=\"h-image__frame h-hide-lg h-hide-md h-hide-sm style-920-frameImage style-local-1197-c26-frameImage\"><\/div>\n                    <\/div>\n                  <\/div>\n                <\/div>\n              <\/div>\n            <\/div>\n          <\/div>\n        <\/div>\n      <\/div>\n    <\/div>\n  <\/div>\n<\/div>","protected":false},"excerpt":{"rendered":"<p>Ma\u0161inska obrada metala na manuelnim i CNC ma\u0161inama. U ponudi je: struganje, glodanje, rezanje i savijanje na makazama, laseru i presi, paralelno bru\u0161enje. Zavarivanje metala. Izrada zup\u010danika od modula 0.7 do modula 12. Optimizacija delova i izbor odgovaraju\u0107ih proizvodnih procesa za date delove. Struganje Izrada delova na strugu. Glodanje Izrada delova na glodalici.<\/p>","protected":false},"author":1,"featured_media":0,"parent":454,"menu_order":3,"comment_status":"closed","ping_status":"closed","template":"page-templates\/full-width-page.php","meta":{"footnotes":""},"class_list":["post-1197","page","type-page","status-publish","hentry"],"_links":{"self":[{"href":"http:\/\/instrumenta.rs\/en\/wp-json\/wp\/v2\/pages\/1197","targetHints":{"allow":["GET"]}}],"collection":[{"href":"http:\/\/instrumenta.rs\/en\/wp-json\/wp\/v2\/pages"}],"about":[{"href":"http:\/\/instrumenta.rs\/en\/wp-json\/wp\/v2\/types\/page"}],"author":[{"embeddable":true,"href":"http:\/\/instrumenta.rs\/en\/wp-json\/wp\/v2\/users\/1"}],"replies":[{"embeddable":true,"href":"http:\/\/instrumenta.rs\/en\/wp-json\/wp\/v2\/comments?post=1197"}],"version-history":[{"count":6,"href":"http:\/\/instrumenta.rs\/en\/wp-json\/wp\/v2\/pages\/1197\/revisions"}],"predecessor-version":[{"id":1563,"href":"http:\/\/instrumenta.rs\/en\/wp-json\/wp\/v2\/pages\/1197\/revisions\/1563"}],"up":[{"embeddable":true,"href":"http:\/\/instrumenta.rs\/en\/wp-json\/wp\/v2\/pages\/454"}],"wp:attachment":[{"href":"http:\/\/instrumenta.rs\/en\/wp-json\/wp\/v2\/media?parent=1197"}],"curies":[{"name":"wp","href":"https:\/\/api.w.org\/{rel}","templated":true}]}}