{"id":1085,"date":"2021-11-22T18:59:00","date_gmt":"2021-11-22T18:59:00","guid":{"rendered":"http:\/\/instrumenta.rs\/?page_id=1085"},"modified":"2022-11-15T22:05:48","modified_gmt":"2022-11-15T22:05:48","slug":"rapid-prototyping","status":"publish","type":"page","link":"http:\/\/instrumenta.rs\/en\/usluge\/rapid-prototyping\/","title":{"rendered":"Rapid Prototyping"},"content":{"rendered":"<div data-colibri-id=\"1085-c1\" class=\"style-789 style-local-1085-c1 position-relative\">\n  <!---->\n  <div data-colibri-component=\"section\" data-colibri-id=\"1085-c2\" id=\"custom\" class=\"h-section h-section-global-spacing d-flex align-items-lg-center align-items-md-center align-items-center style-790 style-local-1085-c2 position-relative\">\n    <!---->\n    <!---->\n    <div class=\"h-section-grid-container h-section-boxed-container\">\n      <!---->\n      <div data-colibri-id=\"1085-c3\" class=\"h-row-container gutters-row-lg-2 gutters-row-md-2 gutters-row-0 gutters-row-v-lg-2 gutters-row-v-md-2 gutters-row-v-2 style-791 style-local-1085-c3 position-relative\">\n        <!---->\n        <div class=\"h-row justify-content-lg-center justify-content-md-center justify-content-center align-items-lg-stretch align-items-md-stretch align-items-stretch gutters-col-lg-2 gutters-col-md-2 gutters-col-0 gutters-col-v-lg-2 gutters-col-v-md-2 gutters-col-v-2\">\n          <!---->\n          <div class=\"h-column h-column-container d-flex h-col-lg-auto h-col-md-auto h-col-auto style-792-outer style-local-1085-c4-outer\">\n            <div data-colibri-id=\"1085-c4\" class=\"d-flex h-flex-basis h-column__inner h-px-lg-2 h-px-md-2 h-px-2 v-inner-lg-2 v-inner-md-2 v-inner-2 style-792 style-local-1085-c4 position-relative\">\n              <!---->\n              <!---->\n              <div class=\"w-100 h-y-container h-column__content h-column__v-align flex-basis-100 align-self-lg-start align-self-md-start align-self-start\">\n                <!---->\n                <div data-colibri-id=\"1085-c5\" class=\"h-text h-text-component style-794 style-local-1085-c5 position-relative h-element\">\n                  <!---->\n                  <!---->\n                  <div class=\"\">\n                    <p>The only company in Serbia that covers all areas of Rapid Prototyping in one place. Instrumenta offers rapid prototyping in both electronics and mechanical engineering fields, allowing you to quickly and easily obtain a functional prototype in a single stop. This provides numerous advantages to your work \u2013 saving time and enabling better integration of your prototype or device sub-assemblies.<\/p>\n                  <\/div>\n                <\/div>\n              <\/div>\n            <\/div>\n          <\/div>\n          <div class=\"h-column h-column-container d-flex h-col-lg-auto h-col-md-auto h-col-auto style-793-outer style-local-1085-c6-outer\">\n            <div data-colibri-id=\"1085-c6\" class=\"d-flex h-flex-basis h-column__inner h-px-lg-2 h-px-md-2 h-px-2 v-inner-lg-2 v-inner-md-2 v-inner-2 style-793 style-local-1085-c6 position-relative\">\n              <!---->\n              <!---->\n              <div class=\"w-100 h-y-container h-column__content h-column__v-align flex-basis-100 align-self-lg-start align-self-md-start align-self-start\">\n                <!---->\n                <div data-colibri-id=\"1085-c7\" class=\"d-block style-921 style-local-1085-c7 position-relative h-element\">\n                  <!---->\n                  <div class=\"h-image__frame-container-outer\">\n                    <div class=\"h-image__frame-container\">\n                      <!---->\n                      <!---->\n                      <img loading=\"lazy\" decoding=\"async\" width=\"1958\" height=\"1101\" src=\"http:\/\/instrumenta.rs\/wp-content\/uploads\/2021\/11\/RapidPrototyping.jpg\" class=\"wp-image-1298 style-921-image style-local-1085-c7-image\" alt=\"Rapid prototyping\" srcset=\"http:\/\/instrumenta.rs\/wp-content\/uploads\/2021\/11\/RapidPrototyping.jpg 1958w, http:\/\/instrumenta.rs\/wp-content\/uploads\/2021\/11\/RapidPrototyping-300x169.jpg 300w, http:\/\/instrumenta.rs\/wp-content\/uploads\/2021\/11\/RapidPrototyping-1024x576.jpg 1024w, http:\/\/instrumenta.rs\/wp-content\/uploads\/2021\/11\/RapidPrototyping-768x432.jpg 768w, http:\/\/instrumenta.rs\/wp-content\/uploads\/2021\/11\/RapidPrototyping-1536x864.jpg 1536w, http:\/\/instrumenta.rs\/wp-content\/uploads\/2021\/11\/RapidPrototyping-18x10.jpg 18w\" sizes=\"auto, (max-width: 1958px) 100vw, 1958px\" \/>\n                      <div class=\"h-image__frame h-hide-lg h-hide-md h-hide-sm style-921-frameImage style-local-1085-c7-frameImage\"><\/div>\n                    <\/div>\n                  <\/div>\n                <\/div>\n              <\/div>\n            <\/div>\n          <\/div>\n        <\/div>\n      <\/div>\n      <div data-colibri-id=\"1085-c8\" class=\"h-row-container gutters-row-lg-2 gutters-row-md-2 gutters-row-0 gutters-row-v-lg-2 gutters-row-v-md-2 gutters-row-v-2 style-795 style-local-1085-c8 position-relative\">\n        <!---->\n        <div class=\"h-row justify-content-lg-center justify-content-md-center justify-content-center align-items-lg-stretch align-items-md-stretch align-items-stretch gutters-col-lg-2 gutters-col-md-2 gutters-col-0 gutters-col-v-lg-2 gutters-col-v-md-2 gutters-col-v-2\">\n          <!---->\n          <div class=\"h-column h-column-container d-flex h-col-lg-auto h-col-md-auto h-col-auto style-796-outer style-local-1085-c9-outer\">\n            <div data-colibri-id=\"1085-c9\" class=\"d-flex h-flex-basis h-column__inner h-px-lg-2 h-px-md-2 h-px-2 v-inner-lg-2 v-inner-md-2 v-inner-2 style-796 style-local-1085-c9 position-relative\">\n              <!---->\n              <!---->\n              <div class=\"w-100 h-y-container h-column__content h-column__v-align flex-basis-100 align-self-lg-start align-self-md-start align-self-start\">\n                <!---->\n                <div data-colibri-id=\"1085-c10\" class=\"h-global-transition-all h-heading style-804 style-local-1085-c10 position-relative h-element\">\n                  <!---->\n                  <div class=\"h-heading__outer style-804 style-local-1085-c10\">\n                    <!---->\n                    <!---->\n                    <h4 class=\"\">Electronics<\/h4>\n                  <\/div>\n                <\/div>\n                <div data-colibri-id=\"1085-c11\" class=\"h-text h-text-component style-801 style-local-1085-c11 position-relative h-element\">\n                  <!---->\n                  <!---->\n                  <div class=\"\">\n                    <p>Circuit design, PCB layout, prototyping, and small-batch production. Production organization in China or Europe, component procurement, and assembly.\n                      <br>\n                    <\/p>\n                  <\/div>\n                <\/div>\n              <\/div>\n            <\/div>\n          <\/div>\n          <div class=\"h-column h-column-container d-flex h-col-lg-auto h-col-md-auto h-col-auto style-797-outer style-local-1085-c12-outer\">\n            <div data-colibri-id=\"1085-c12\" class=\"d-flex h-flex-basis h-column__inner h-px-lg-2 h-px-md-2 h-px-2 v-inner-lg-2 v-inner-md-2 v-inner-2 style-797 style-local-1085-c12 position-relative\">\n              <!---->\n              <!---->\n              <div class=\"w-100 h-y-container h-column__content h-column__v-align flex-basis-100 align-self-lg-start align-self-md-start align-self-start\">\n                <!---->\n                <div data-colibri-id=\"1085-c13\" class=\"d-block style-924 style-local-1085-c13 position-relative h-element\">\n                  <!---->\n                  <div class=\"h-image__frame-container-outer\">\n                    <div class=\"h-image__frame-container\">\n                      <!---->\n                      <!---->\n                      <img loading=\"lazy\" decoding=\"async\" width=\"2560\" height=\"1707\" src=\"http:\/\/instrumenta.rs\/wp-content\/uploads\/2021\/11\/PCB-asemblaza-scaled.jpg\" class=\"wp-image-999 style-924-image style-local-1085-c13-image\" alt=\"PCB asemblaza\" srcset=\"http:\/\/instrumenta.rs\/wp-content\/uploads\/2021\/11\/PCB-asemblaza-scaled.jpg 2560w, http:\/\/instrumenta.rs\/wp-content\/uploads\/2021\/11\/PCB-asemblaza-300x200.jpg 300w, http:\/\/instrumenta.rs\/wp-content\/uploads\/2021\/11\/PCB-asemblaza-1024x683.jpg 1024w, http:\/\/instrumenta.rs\/wp-content\/uploads\/2021\/11\/PCB-asemblaza-768x512.jpg 768w, http:\/\/instrumenta.rs\/wp-content\/uploads\/2021\/11\/PCB-asemblaza-1536x1024.jpg 1536w, http:\/\/instrumenta.rs\/wp-content\/uploads\/2021\/11\/PCB-asemblaza-2048x1366.jpg 2048w, http:\/\/instrumenta.rs\/wp-content\/uploads\/2021\/11\/PCB-asemblaza-18x12.jpg 18w\" sizes=\"auto, (max-width: 2560px) 100vw, 2560px\" \/>\n                      <div class=\"h-image__frame h-hide-lg h-hide-md h-hide-sm style-924-frameImage style-local-1085-c13-frameImage\"><\/div>\n                    <\/div>\n                  <\/div>\n                <\/div>\n              <\/div>\n            <\/div>\n          <\/div>\n        <\/div>\n      <\/div>\n      <div data-colibri-id=\"1085-c14\" class=\"h-row-container gutters-row-lg-2 gutters-row-md-2 gutters-row-0 gutters-row-v-lg-2 gutters-row-v-md-2 gutters-row-v-2 style-881 style-local-1085-c14 position-relative\">\n        <!---->\n        <div class=\"h-row justify-content-lg-center justify-content-md-center justify-content-center align-items-lg-stretch align-items-md-stretch align-items-stretch gutters-col-lg-2 gutters-col-md-2 gutters-col-0 gutters-col-v-lg-2 gutters-col-v-md-2 gutters-col-v-2\">\n          <!---->\n          <div class=\"h-column h-column-container d-flex h-col-lg-auto h-col-md-auto h-col-auto style-882-outer style-local-1085-c15-outer\">\n            <div data-colibri-id=\"1085-c15\" class=\"d-flex h-flex-basis h-column__inner h-px-lg-2 h-px-md-2 h-px-2 v-inner-lg-2 v-inner-md-2 v-inner-2 style-882 style-local-1085-c15 position-relative\">\n              <!---->\n              <!---->\n              <div class=\"w-100 h-y-container h-column__content h-column__v-align flex-basis-100 align-self-lg-start align-self-md-start align-self-start\">\n                <!---->\n                <div data-colibri-id=\"1085-c16\" class=\"h-global-transition-all h-heading style-885 style-local-1085-c16 position-relative h-element\">\n                  <!---->\n                  <div class=\"h-heading__outer style-885 style-local-1085-c16\">\n                    <!---->\n                    <!---->\n                    <h4 class=\"\">Embedded programming<\/h4>\n                  <\/div>\n                <\/div>\n                <div data-colibri-id=\"1085-c17\" class=\"h-text h-text-component style-884 style-local-1085-c17 position-relative h-element\">\n                  <!---->\n                  <!---->\n                  <div class=\"\">\n                    <p>Embedded programming of hardware and microcontrollers on prototypes and printed circuit boards.\n                      <br>\n                    <\/p>\n                  <\/div>\n                <\/div>\n              <\/div>\n            <\/div>\n          <\/div>\n          <div class=\"h-column h-column-container d-flex h-col-lg-auto h-col-md-auto h-col-auto style-883-outer style-local-1085-c18-outer\">\n            <div data-colibri-id=\"1085-c18\" class=\"d-flex h-flex-basis h-column__inner h-px-lg-2 h-px-md-2 h-px-2 v-inner-lg-2 v-inner-md-2 v-inner-2 style-883 style-local-1085-c18 position-relative\">\n              <!---->\n              <!---->\n              <div class=\"w-100 h-y-container h-column__content h-column__v-align flex-basis-100 align-self-lg-start align-self-md-start align-self-start\">\n                <!---->\n                <div data-colibri-id=\"1085-c19\" class=\"d-block style-923 style-local-1085-c19 position-relative h-element\">\n                  <!---->\n                  <div class=\"h-image__frame-container-outer\">\n                    <div class=\"h-image__frame-container\">\n                      <!---->\n                      <!---->\n                      <img loading=\"lazy\" decoding=\"async\" width=\"2560\" height=\"1440\" src=\"http:\/\/instrumenta.rs\/wp-content\/uploads\/2022\/11\/cropped-Evolution-of-Coding-scaled-1.webp\" class=\"wp-image-1489 style-923-image style-local-1085-c19-image\" alt=\"embedded programiranje\" srcset=\"http:\/\/instrumenta.rs\/wp-content\/uploads\/2022\/11\/cropped-Evolution-of-Coding-scaled-1.webp 2560w, http:\/\/instrumenta.rs\/wp-content\/uploads\/2022\/11\/cropped-Evolution-of-Coding-scaled-1-300x169.webp 300w, http:\/\/instrumenta.rs\/wp-content\/uploads\/2022\/11\/cropped-Evolution-of-Coding-scaled-1-1024x576.webp 1024w, http:\/\/instrumenta.rs\/wp-content\/uploads\/2022\/11\/cropped-Evolution-of-Coding-scaled-1-768x432.webp 768w, http:\/\/instrumenta.rs\/wp-content\/uploads\/2022\/11\/cropped-Evolution-of-Coding-scaled-1-1536x864.webp 1536w, http:\/\/instrumenta.rs\/wp-content\/uploads\/2022\/11\/cropped-Evolution-of-Coding-scaled-1-2048x1152.webp 2048w, http:\/\/instrumenta.rs\/wp-content\/uploads\/2022\/11\/cropped-Evolution-of-Coding-scaled-1-18x10.webp 18w\" sizes=\"auto, (max-width: 2560px) 100vw, 2560px\" \/>\n                      <div class=\"h-image__frame h-hide-lg h-hide-md h-hide-sm style-923-frameImage style-local-1085-c19-frameImage\"><\/div>\n                    <\/div>\n                  <\/div>\n                <\/div>\n              <\/div>\n            <\/div>\n          <\/div>\n        <\/div>\n      <\/div>\n      <div data-colibri-id=\"1085-c20\" class=\"h-row-container gutters-row-lg-2 gutters-row-md-2 gutters-row-0 gutters-row-v-lg-2 gutters-row-v-md-2 gutters-row-v-2 style-798 style-local-1085-c20 position-relative\">\n        <!---->\n        <div class=\"h-row justify-content-lg-center justify-content-md-center justify-content-center align-items-lg-stretch align-items-md-stretch align-items-stretch gutters-col-lg-2 gutters-col-md-2 gutters-col-0 gutters-col-v-lg-2 gutters-col-v-md-2 gutters-col-v-2\">\n          <!---->\n          <div class=\"h-column h-column-container d-flex h-col-lg-auto h-col-md-auto h-col-auto style-799-outer style-local-1085-c21-outer\">\n            <div data-colibri-id=\"1085-c21\" class=\"d-flex h-flex-basis h-column__inner h-px-lg-2 h-px-md-2 h-px-2 v-inner-lg-2 v-inner-md-2 v-inner-2 style-799 style-local-1085-c21 position-relative\">\n              <!---->\n              <!---->\n              <div class=\"w-100 h-y-container h-column__content h-column__v-align flex-basis-100 align-self-lg-start align-self-md-start align-self-start\">\n                <!---->\n                <div data-colibri-id=\"1085-c22\" class=\"h-global-transition-all h-heading style-803 style-local-1085-c22 position-relative h-element\">\n                  <!---->\n                  <div class=\"h-heading__outer style-803 style-local-1085-c22\">\n                    <!---->\n                    <!---->\n                    <h4 class=\"\">Mechanical engineering<\/h4>\n                  <\/div>\n                <\/div>\n                <div data-colibri-id=\"1085-c23\" class=\"h-text h-text-component style-802 style-local-1085-c23 position-relative h-element\">\n                  <!---->\n                  <!---->\n                  <div class=\"\">\n                    <p>Design of mechanical parts, 3D modelling and technical drawings, adaptation of existing components, CNC milling\/turning, laser cutting, bending, 3D printing, rapid prototyping.\n                      <br>\n                    <\/p>\n                  <\/div>\n                <\/div>\n              <\/div>\n            <\/div>\n          <\/div>\n          <div class=\"h-column h-column-container d-flex h-col-lg-auto h-col-md-auto h-col-auto style-800-outer style-local-1085-c24-outer\">\n            <div data-colibri-id=\"1085-c24\" class=\"d-flex h-flex-basis h-column__inner h-px-lg-2 h-px-md-2 h-px-2 v-inner-lg-2 v-inner-md-2 v-inner-2 style-800 style-local-1085-c24 position-relative\">\n              <!---->\n              <!---->\n              <div class=\"w-100 h-y-container h-column__content h-column__v-align flex-basis-100 align-self-lg-start align-self-md-start align-self-start\">\n                <!---->\n                <div data-colibri-id=\"1085-c25\" class=\"d-block style-922 style-local-1085-c25 position-relative h-element\">\n                  <!---->\n                  <div class=\"h-image__frame-container-outer\">\n                    <div class=\"h-image__frame-container\">\n                      <!---->\n                      <!---->\n                      <img loading=\"lazy\" decoding=\"async\" width=\"1093\" height=\"644\" src=\"http:\/\/instrumenta.rs\/wp-content\/uploads\/2022\/11\/3D-modelovanje7.png\" class=\"wp-image-1550 style-922-image style-local-1085-c25-image\" alt=\"masinstvo\" srcset=\"http:\/\/instrumenta.rs\/wp-content\/uploads\/2022\/11\/3D-modelovanje7.png 1093w, http:\/\/instrumenta.rs\/wp-content\/uploads\/2022\/11\/3D-modelovanje7-300x177.png 300w, http:\/\/instrumenta.rs\/wp-content\/uploads\/2022\/11\/3D-modelovanje7-1024x603.png 1024w, http:\/\/instrumenta.rs\/wp-content\/uploads\/2022\/11\/3D-modelovanje7-768x453.png 768w, http:\/\/instrumenta.rs\/wp-content\/uploads\/2022\/11\/3D-modelovanje7-18x12.png 18w\" sizes=\"auto, (max-width: 1093px) 100vw, 1093px\" \/>\n                      <div class=\"h-image__frame h-hide-lg h-hide-md h-hide-sm style-922-frameImage style-local-1085-c25-frameImage\"><\/div>\n                    <\/div>\n                  <\/div>\n                <\/div>\n              <\/div>\n            <\/div>\n          <\/div>\n        <\/div>\n      <\/div>\n      <div data-colibri-id=\"1085-c26\" class=\"h-row-container gutters-row-lg-2 gutters-row-md-2 gutters-row-0 gutters-row-v-lg-2 gutters-row-v-md-2 gutters-row-v-2 style-892 style-local-1085-c26 position-relative\">\n        <!---->\n        <div class=\"h-row justify-content-lg-center justify-content-md-center justify-content-center align-items-lg-stretch align-items-md-stretch align-items-stretch gutters-col-lg-2 gutters-col-md-2 gutters-col-0 gutters-col-v-lg-2 gutters-col-v-md-2 gutters-col-v-2\">\n          <!---->\n          <div class=\"h-column h-column-container d-flex h-col-lg-auto h-col-md-auto h-col-auto style-893-outer style-local-1085-c27-outer\">\n            <div data-colibri-id=\"1085-c27\" class=\"d-flex h-flex-basis h-column__inner h-px-lg-2 h-px-md-2 h-px-2 v-inner-lg-2 v-inner-md-2 v-inner-2 style-893 style-local-1085-c27 position-relative\">\n              <!---->\n              <!---->\n              <div class=\"w-100 h-y-container h-column__content h-column__v-align flex-basis-100 align-self-lg-start align-self-md-start align-self-start\">\n                <!---->\n                <div data-colibri-id=\"1085-c28\" class=\"h-lead h-text h-text-component style-894 style-local-1085-c28 position-relative h-element\">\n                  <!---->\n                  <!---->\n                  <div class=\"\">\n                    <p>Sve usluge koje nudimo pogledajte na narednim stranicama u kategoriji usluge.\n                      <br>\n                    <\/p>\n                  <\/div>\n                <\/div>\n              <\/div>\n            <\/div>\n          <\/div>\n        <\/div>\n      <\/div>\n    <\/div>\n  <\/div>\n<\/div>","protected":false},"excerpt":{"rendered":"<p>Jedina firma u Srbiji koja pokriva sve oblasti Rapid prototyping-a na jednom mestu. Instrumenta vam nudi rapid prototyping iz oblasti elektronike kao i ma\u0161instva \u0161to zna\u010di da jednostavno i brzo mo\u017eete da do\u0111ete do funkcionalnog prototipa na jednom mestu. Ovo daje mnogo prednosti va\u0161em radu \u2013 \u0161tedi vreme, a i omogu\u0107ava bolju integraciju podsklopova va\u0161eg [&hellip;]<\/p>\n","protected":false},"author":1,"featured_media":1298,"parent":454,"menu_order":0,"comment_status":"closed","ping_status":"closed","template":"page-templates\/full-width-page.php","meta":{"footnotes":""},"class_list":["post-1085","page","type-page","status-publish","has-post-thumbnail","hentry"],"_links":{"self":[{"href":"http:\/\/instrumenta.rs\/en\/wp-json\/wp\/v2\/pages\/1085","targetHints":{"allow":["GET"]}}],"collection":[{"href":"http:\/\/instrumenta.rs\/en\/wp-json\/wp\/v2\/pages"}],"about":[{"href":"http:\/\/instrumenta.rs\/en\/wp-json\/wp\/v2\/types\/page"}],"author":[{"embeddable":true,"href":"http:\/\/instrumenta.rs\/en\/wp-json\/wp\/v2\/users\/1"}],"replies":[{"embeddable":true,"href":"http:\/\/instrumenta.rs\/en\/wp-json\/wp\/v2\/comments?post=1085"}],"version-history":[{"count":9,"href":"http:\/\/instrumenta.rs\/en\/wp-json\/wp\/v2\/pages\/1085\/revisions"}],"predecessor-version":[{"id":1553,"href":"http:\/\/instrumenta.rs\/en\/wp-json\/wp\/v2\/pages\/1085\/revisions\/1553"}],"up":[{"embeddable":true,"href":"http:\/\/instrumenta.rs\/en\/wp-json\/wp\/v2\/pages\/454"}],"wp:featuredmedia":[{"embeddable":true,"href":"http:\/\/instrumenta.rs\/en\/wp-json\/wp\/v2\/media\/1298"}],"wp:attachment":[{"href":"http:\/\/instrumenta.rs\/en\/wp-json\/wp\/v2\/media?parent=1085"}],"curies":[{"name":"wp","href":"https:\/\/api.w.org\/{rel}","templated":true}]}}